{"id":71,"date":"2019-07-02T17:45:59","date_gmt":"2019-07-02T17:45:59","guid":{"rendered":"http:\/\/kita-meckenheim.com\/?page_id=71"},"modified":"2020-08-11T22:20:34","modified_gmt":"2020-08-11T20:20:34","slug":"ziele","status":"publish","type":"page","link":"https:\/\/kita-meckenheim.com\/?page_id=71","title":{"rendered":"Ziele"},"content":{"rendered":"\n<p>Seit 2004 arbeiten wir bereits an unserem \u201ep\u00e4dagogischem Leitfaden\u201c und seit 2017 sind wir im Speyerer Qualit\u00e4tsmanagementsprozess. W\u00e4hrend dieser Zeit hat sich unsere Arbeit grundlegend ver\u00e4ndert.  Alles wurde auf den Pr\u00fcfstand gestellt und neu \u00fcberdacht. Ma\u00dfgebend f\u00fcr  die Weiterentwicklung unserer Arbeit war die ver\u00e4nderte Lebenssituation  der Kinder und Familien, sowie unser Anspruch darauf zu reagieren. Die  Grundlage unserer Qualit\u00e4tsentwicklung bilden in erster Linie die  folgenden Ziele und deren Umsetzung in die Praxis.<\/p>\n\n\n\n<div class=\"wp-block-image\"><figure class=\"aligncenter size-large is-resized\"><a href=\"https:\/\/kita-meckenheim.com\/wp-content\/uploads\/CIMG2204.jpg\"><img loading=\"lazy\" decoding=\"async\" src=\"https:\/\/kita-meckenheim.com\/wp-content\/uploads\/2020\/04\/P1040558-1024x768.jpg\" alt=\"\" class=\"wp-image-424\" width=\"442\" height=\"331\" srcset=\"https:\/\/kita-meckenheim.com\/wp-content\/uploads\/2020\/04\/P1040558-1024x768.jpg 1024w, https:\/\/kita-meckenheim.com\/wp-content\/uploads\/2020\/04\/P1040558-300x225.jpg 300w, https:\/\/kita-meckenheim.com\/wp-content\/uploads\/2020\/04\/P1040558-768x576.jpg 768w, https:\/\/kita-meckenheim.com\/wp-content\/uploads\/2020\/04\/P1040558-1536x1152.jpg 1536w, https:\/\/kita-meckenheim.com\/wp-content\/uploads\/2020\/04\/P1040558-2048x1536.jpg 2048w\" sizes=\"auto, (max-width: 442px) 100vw, 442px\" \/><\/a><\/figure><\/div>\n\n\n<p style=\"text-align: center;\"><span style=\"color: #ff0000;\">Unterst\u00fctzt und begleitet von der Erzieherin k\u00f6nnen die Kinder<\/span><\/p>\n\n\n<ul class=\"wp-block-list\"><li><strong>NACH HERZENSLUST SPIELEN<\/strong><br>  \u201eIch freue mich auf jeden neuen Tag im Kindergarten \u2013 ich entdecke  immer neue Spielsachen. Ich kann spielen, wo ich m\u00f6chte, in meiner  Gruppe, im Flur, im Hof oder bei meinem Freund in der anderen Gruppe.\u201c<\/li><li><strong>DIE GEMEINSCHAFT ERLEBEN UND FREUNDE FINDEN<br> <\/strong>\u201eIch gehe gern in den Kindergarten. Das Zusammensein mit meinen Freunden macht mir Spa\u00df\u201c.<\/li><li><strong>DEN TAG IN DER KITA MITBESTIMMEN<\/strong>                                                                                       &#8222;Was mir gef\u00e4llt und was mir nicht gef\u00e4llt, kann ich sagen oder als Brief in den Postkasten werfen. Im Morgenkreis oder bei der Kinderkonferenz sprechen wir dar\u00fcber.&#8220;  <\/li><li><strong>REGELN F\u00dcR DAS LEBEN IN DER GEMEINSCHAFT KENNENLERNEN<\/strong><br>  \u201eIn unserer Kita leben viele Kinder, Kleine und Gro\u00dfe, Starke und  Schwache. Wenn wir miteinander spielen, m\u00fcssen wir aufeinander achten.\u201c<\/li><li><strong>GESCHICHTEN UND RITUALE UNSERES GLAUBENS ERFAHREN<br> <\/strong>\u201eIm  Kindergarten h\u00f6ren wir viele Geschichten von Jesus. Ich freue mich,  wenn wir im Morgenkreis die Jesuskerze anz\u00fcnden und ein Lied f\u00fcr ihn  singen.\u201c<\/li><li><strong>IHRE EIGENEN F\u00c4HIGKEITEN IN UNTERSCHIEDLICHEN LERNBEREICHEN KENNENLERNEN, ST\u00c4RKEN UND ERWEITERN<br> <\/strong>\u201eEs  gibt verschiedene Sachen, die ich ausprobieren kann. Meine Erzieherin  erz\u00e4hlt mir im Morgenkreis davon. Ich kann mich entscheiden, ob ich heute turne, drau\u00dfen spielen m\u00f6chte, Musik mache, bei  einem spannenden Experiment teilnehme, etwas bastle oder mit  Wasserfarben malen m\u00f6chte.\u201c<\/li><li><strong>SICH SELBST AUSPROBIEREN UND DABEI SELBST\u00c4NDIG WERDEN<\/strong><br> \u201eIch kann schon viel alleine. Meine Erzieherin hilft mir dabei.\u201c<\/li><li><strong>WISSEN UND LUSTVOLLES LERNEN ERFAHREN<\/strong><br> \u201eIch bin offen und neugierig und m\u00f6chte vieles kennen lernen. Etwas Neues zu lernen, macht mir gro\u00dfen Spa\u00df.<\/li><li><strong>SELBSTVERTRAUEN UND VERTRAUEN IN DAS LEBEN ERWERBEN UND ST\u00c4RKEN<\/strong><br> \u201eIm Kindergarten werde ich gro\u00df und stark. Ich freue mich auf die Schule.\u201c<a href=\"https:\/\/kita-meckenheim.com\/wp-content\/uploads\/P1070440.jpg\"><\/a><br><\/li><\/ul>\n\n\n\n<figure class=\"wp-block-gallery columns-1 is-cropped wp-block-gallery-1 is-layout-flex wp-block-gallery-is-layout-flex\"><ul class=\"blocks-gallery-grid\"><li class=\"blocks-gallery-item\"><figure><img loading=\"lazy\" decoding=\"async\" width=\"1024\" height=\"768\" src=\"https:\/\/kita-meckenheim.com\/wp-content\/uploads\/2020\/04\/IMG_0110-1024x768.jpg\" alt=\"\" data-id=\"413\" class=\"wp-image-413\" srcset=\"https:\/\/kita-meckenheim.com\/wp-content\/uploads\/2020\/04\/IMG_0110-1024x768.jpg 1024w, https:\/\/kita-meckenheim.com\/wp-content\/uploads\/2020\/04\/IMG_0110-300x225.jpg 300w, https:\/\/kita-meckenheim.com\/wp-content\/uploads\/2020\/04\/IMG_0110-768x576.jpg 768w, https:\/\/kita-meckenheim.com\/wp-content\/uploads\/2020\/04\/IMG_0110-1536x1152.jpg 1536w, https:\/\/kita-meckenheim.com\/wp-content\/uploads\/2020\/04\/IMG_0110-2048x1536.jpg 2048w\" sizes=\"auto, (max-width: 1024px) 100vw, 1024px\" \/><\/figure><\/li><\/ul><\/figure>\n","protected":false},"excerpt":{"rendered":"<p>Seit 2004 arbeiten wir bereits an unserem \u201ep\u00e4dagogischem Leitfaden\u201c und seit 2017 sind wir im Speyerer Qualit\u00e4tsmanagementsprozess. W\u00e4hrend dieser Zeit hat sich unsere Arbeit grundlegend ver\u00e4ndert. Alles wurde auf den Pr\u00fcfstand gestellt und neu \u00fcberdacht. Ma\u00dfgebend f\u00fcr die Weiterentwicklung unserer Arbeit war die ver\u00e4nderte Lebenssituation der Kinder und Familien, sowie unser Anspruch darauf zu reagieren.&hellip; <a class=\"more-link\" href=\"https:\/\/kita-meckenheim.com\/?page_id=71\"><span class=\"screen-reader-text\">Ziele<\/span> weiterlesen<\/a><\/p>\n","protected":false},"author":1,"featured_media":0,"parent":0,"menu_order":0,"comment_status":"closed","ping_status":"closed","template":"onecolumn-page.php","meta":{"footnotes":""},"class_list":["post-71","page","type-page","status-publish","hentry","entry"],"_links":{"self":[{"href":"https:\/\/kita-meckenheim.com\/index.php?rest_route=\/wp\/v2\/pages\/71","targetHints":{"allow":["GET"]}}],"collection":[{"href":"https:\/\/kita-meckenheim.com\/index.php?rest_route=\/wp\/v2\/pages"}],"about":[{"href":"https:\/\/kita-meckenheim.com\/index.php?rest_route=\/wp\/v2\/types\/page"}],"author":[{"embeddable":true,"href":"https:\/\/kita-meckenheim.com\/index.php?rest_route=\/wp\/v2\/users\/1"}],"replies":[{"embeddable":true,"href":"https:\/\/kita-meckenheim.com\/index.php?rest_route=%2Fwp%2Fv2%2Fcomments&post=71"}],"version-history":[{"count":10,"href":"https:\/\/kita-meckenheim.com\/index.php?rest_route=\/wp\/v2\/pages\/71\/revisions"}],"predecessor-version":[{"id":458,"href":"https:\/\/kita-meckenheim.com\/index.php?rest_route=\/wp\/v2\/pages\/71\/revisions\/458"}],"wp:attachment":[{"href":"https:\/\/kita-meckenheim.com\/index.php?rest_route=%2Fwp%2Fv2%2Fmedia&parent=71"}],"curies":[{"name":"wp","href":"https:\/\/api.w.org\/{rel}","templated":true}]}}