{"id":59,"date":"2019-07-02T17:43:49","date_gmt":"2019-07-02T17:43:49","guid":{"rendered":"http:\/\/kita-meckenheim.com\/?page_id=59"},"modified":"2023-06-13T11:09:59","modified_gmt":"2023-06-13T09:09:59","slug":"unsere-ganz-kleinen","status":"publish","type":"page","link":"https:\/\/kita-meckenheim.com\/?page_id=59","title":{"rendered":"Die Eingew\u00f6hnung"},"content":{"rendered":"\n<p>In unseren sch\u00f6nen und hellen R\u00e4umlichkeiten erleben die Kinder einen Ort, wo sie sich geborgen f\u00fchlen, entdecken und  lernen k\u00f6nnen.<\/p>\n\n\n\n<p><strong>Von Anfang an, achten wir darauf, da\u00df die Kleinen die bestm\u00f6glichste Betreuung und Unterst\u00fctzung f\u00fcr ihre Entwicklung erhalten.<\/strong><\/p>\n\n\n\n<p>F\u00f6rderlich daf\u00fcr ist:<\/p>\n\n\n\n<ul class=\"wp-block-list\">\n<li>eine\n sanfte Eingew\u00f6hnungszeit, in Begleitung eines Elternteils als&nbsp; \nVoraussetzung f\u00fcr eine gute Beziehungsarbeit zwischen Kind und der \nBezugsperson in der Kita<\/li>\n\n\n\n<li>eine feste Bezugsperson (Erzieherin\/Erzieher)<\/li>\n\n\n\n<li>ein feinf\u00fchliger und liebevoller Umgang mit dem Kind<\/li>\n\n\n\n<li>die Gruppenzugeh\u00f6rigkeit<\/li>\n\n\n\n<li>ein geregelter Tagesablauf<\/li>\n\n\n\n<li>Rituale, die dem Kind Sicherheit und Orientierung geben<\/li>\n<\/ul>\n\n\n\n<figure class=\"wp-block-gallery aligncenter has-nested-images columns-default is-cropped wp-block-gallery-1 is-layout-flex wp-block-gallery-is-layout-flex\">\n<figure class=\"wp-block-image size-large\"><img loading=\"lazy\" decoding=\"async\" width=\"1024\" height=\"864\" data-id=\"432\" src=\"https:\/\/kita-meckenheim.com\/wp-content\/uploads\/2020\/04\/P1040540-1024x864.jpg\" alt=\"\" class=\"wp-image-432\" srcset=\"https:\/\/kita-meckenheim.com\/wp-content\/uploads\/2020\/04\/P1040540-1024x864.jpg 1024w, https:\/\/kita-meckenheim.com\/wp-content\/uploads\/2020\/04\/P1040540-300x253.jpg 300w, https:\/\/kita-meckenheim.com\/wp-content\/uploads\/2020\/04\/P1040540-768x648.jpg 768w, https:\/\/kita-meckenheim.com\/wp-content\/uploads\/2020\/04\/P1040540-1536x1296.jpg 1536w, https:\/\/kita-meckenheim.com\/wp-content\/uploads\/2020\/04\/P1040540-2048x1728.jpg 2048w\" sizes=\"auto, (max-width: 1024px) 100vw, 1024px\" \/><\/figure>\n<\/figure>\n","protected":false},"excerpt":{"rendered":"<p>In unseren sch\u00f6nen und hellen R\u00e4umlichkeiten erleben die Kinder einen Ort, wo sie sich geborgen f\u00fchlen, entdecken und lernen k\u00f6nnen. Von Anfang an, achten wir darauf, da\u00df die Kleinen die bestm\u00f6glichste Betreuung und Unterst\u00fctzung f\u00fcr ihre Entwicklung erhalten. F\u00f6rderlich daf\u00fcr ist:<\/p>\n","protected":false},"author":1,"featured_media":0,"parent":0,"menu_order":0,"comment_status":"closed","ping_status":"closed","template":"onecolumn-page.php","meta":{"footnotes":""},"class_list":["post-59","page","type-page","status-publish","hentry","entry"],"_links":{"self":[{"href":"https:\/\/kita-meckenheim.com\/index.php?rest_route=\/wp\/v2\/pages\/59","targetHints":{"allow":["GET"]}}],"collection":[{"href":"https:\/\/kita-meckenheim.com\/index.php?rest_route=\/wp\/v2\/pages"}],"about":[{"href":"https:\/\/kita-meckenheim.com\/index.php?rest_route=\/wp\/v2\/types\/page"}],"author":[{"embeddable":true,"href":"https:\/\/kita-meckenheim.com\/index.php?rest_route=\/wp\/v2\/users\/1"}],"replies":[{"embeddable":true,"href":"https:\/\/kita-meckenheim.com\/index.php?rest_route=%2Fwp%2Fv2%2Fcomments&post=59"}],"version-history":[{"count":6,"href":"https:\/\/kita-meckenheim.com\/index.php?rest_route=\/wp\/v2\/pages\/59\/revisions"}],"predecessor-version":[{"id":567,"href":"https:\/\/kita-meckenheim.com\/index.php?rest_route=\/wp\/v2\/pages\/59\/revisions\/567"}],"wp:attachment":[{"href":"https:\/\/kita-meckenheim.com\/index.php?rest_route=%2Fwp%2Fv2%2Fmedia&parent=59"}],"curies":[{"name":"wp","href":"https:\/\/api.w.org\/{rel}","templated":true}]}}