{"id":55,"date":"2019-07-02T17:42:57","date_gmt":"2019-07-02T17:42:57","guid":{"rendered":"http:\/\/kita-meckenheim.com\/?page_id=55"},"modified":"2020-08-11T22:21:56","modified_gmt":"2020-08-11T20:21:56","slug":"religionspaedagogische-arbeit","status":"publish","type":"page","link":"https:\/\/kita-meckenheim.com\/?page_id=55","title":{"rendered":"Religionsp\u00e4dagogische Arbeit"},"content":{"rendered":"\n<p class=\"has-text-align-center\">\u201eOb \nich gehe oder stehe, ob ich mich im Kreise drehe, ob ich liege oder \nfliege, ob ich mich im Tanze wiege &#8211; ich bin dir nicht \nunbekannt!Gestern, heute und morgen bin ich&nbsp; geborgen in deiner Hand!\u201c<br> <em>(Ein Lieblingslied unserer Kitakinder)<\/em><\/p>\n\n\n\n<figure class=\"wp-block-gallery aligncenter columns-1 is-cropped wp-block-gallery-1 is-layout-flex wp-block-gallery-is-layout-flex\"><ul class=\"blocks-gallery-grid\"><li class=\"blocks-gallery-item\"><figure><img loading=\"lazy\" decoding=\"async\" width=\"1024\" height=\"768\" src=\"https:\/\/kita-meckenheim.com\/wp-content\/uploads\/2020\/04\/P1040840-1024x768.jpg\" alt=\"\" data-id=\"401\" class=\"wp-image-401\" srcset=\"https:\/\/kita-meckenheim.com\/wp-content\/uploads\/2020\/04\/P1040840-1024x768.jpg 1024w, https:\/\/kita-meckenheim.com\/wp-content\/uploads\/2020\/04\/P1040840-300x225.jpg 300w, https:\/\/kita-meckenheim.com\/wp-content\/uploads\/2020\/04\/P1040840-768x576.jpg 768w, https:\/\/kita-meckenheim.com\/wp-content\/uploads\/2020\/04\/P1040840-1536x1152.jpg 1536w, https:\/\/kita-meckenheim.com\/wp-content\/uploads\/2020\/04\/P1040840-2048x1536.jpg 2048w\" sizes=\"auto, (max-width: 1024px) 100vw, 1024px\" \/><\/figure><\/li><\/ul><\/figure>\n\n\n\n<p><strong>Wir legen Wert auf eine in den Alltag integrierte Religionsp\u00e4dagogik!<\/strong><\/p>\n\n\n\n<div class=\"wp-block-image\"><figure class=\"alignright size-large is-resized\"><img loading=\"lazy\" decoding=\"async\" src=\"https:\/\/kita-meckenheim.com\/wp-content\/uploads\/2020\/04\/IMG_1268-768x1024.jpg\" alt=\"\" class=\"wp-image-430\" width=\"268\" height=\"357\" srcset=\"https:\/\/kita-meckenheim.com\/wp-content\/uploads\/2020\/04\/IMG_1268-768x1024.jpg 768w, https:\/\/kita-meckenheim.com\/wp-content\/uploads\/2020\/04\/IMG_1268-225x300.jpg 225w, https:\/\/kita-meckenheim.com\/wp-content\/uploads\/2020\/04\/IMG_1268-1152x1536.jpg 1152w, https:\/\/kita-meckenheim.com\/wp-content\/uploads\/2020\/04\/IMG_1268-1536x2048.jpg 1536w, https:\/\/kita-meckenheim.com\/wp-content\/uploads\/2020\/04\/IMG_1268-scaled.jpg 1920w\" sizes=\"auto, (max-width: 268px) 100vw, 268px\" \/><figcaption>Palmsonntag als Rollenspiel<\/figcaption><\/figure><\/div>\n\n\n\n<p>Zu unserem Kindergartenalltag geh\u00f6ren das Erz\u00e4hlen von biblischen Geschichten aus dem alten und neuen Testament, Gespr\u00e4che, das Gebet,meditative Angebote<br> (u.a. nach F.Kett), das Lied, das Spiel und das Feiern von Festen im Kindergarten und in der Kirche.<br>  Diese Formen greifen wir kindgerecht auf und beziehen diese in den  Alltag der Kinder mit ein. Die christlichen Feste gestalten wir in  Verbindung mit dem Jahreskreis&nbsp;und mit unserer Pfarrgemeinde!<br><br><br><\/p>\n\n\n\n<p><strong>Religi\u00f6ses Wissen und Glauben erfahren bei uns, bedeutet im einzelnen f\u00fcr das Kind, dass es &#8230;<\/strong><\/p>\n\n\n\n<div class=\"wp-block-image\"><figure class=\"alignright size-large is-resized\"><img loading=\"lazy\" decoding=\"async\" src=\"https:\/\/kita-meckenheim.com\/wp-content\/uploads\/2020\/04\/DSCN0057-1024x768.jpg\" alt=\"\" class=\"wp-image-403\" width=\"337\" height=\"253\" srcset=\"https:\/\/kita-meckenheim.com\/wp-content\/uploads\/2020\/04\/DSCN0057-1024x768.jpg 1024w, https:\/\/kita-meckenheim.com\/wp-content\/uploads\/2020\/04\/DSCN0057-300x225.jpg 300w, https:\/\/kita-meckenheim.com\/wp-content\/uploads\/2020\/04\/DSCN0057-768x576.jpg 768w, https:\/\/kita-meckenheim.com\/wp-content\/uploads\/2020\/04\/DSCN0057-1536x1152.jpg 1536w, https:\/\/kita-meckenheim.com\/wp-content\/uploads\/2020\/04\/DSCN0057-2048x1536.jpg 2048w\" sizes=\"auto, (max-width: 337px) 100vw, 337px\" \/><\/figure><\/div>\n\n\n\n<p>&#8230; lebensbejahende Erfahrungen macht und einen liebevollen und achtsamen Umgang&nbsp; miteinander erlebt<br> &#8230; Regeln findet f\u00fcr ein positives Zusammenleben<br> &#8230; das Zusammenleben mit Kindern anderer Kulturen und Religionen unvoreingenommen wahrnimmt<br>\n &#8230; im Zusammenleben mit anderen ein Fundament an religi\u00f6sem Wissen \nerf\u00e4hrt (biblische Geschichten, religi\u00f6se Lieder, Feste, etc.)<br> &#8230; in Gespr\u00e4chen mit der Erzieherin, Fragen nach Gott und dem Leben entdecken und verstehen kann<br> &#8230; gelebten Glauben erf\u00e4hrt z.B. durch die Geschichten von<br> St. Nikolaus oder<br> St. Martin<br> &#8230; die Wunder unserer Welt wahrnimmt und lernt wertzusch\u00e4tzen z.B. in der Begegnung mit der Natur<\/p>\n\n\n\n<p><strong><br> Religi\u00f6se Erziehung steht in unserer Kita nicht f\u00fcr sich, sondern  vollzieht sich im t\u00e4glichen Leben. Es ist uns wichtig die Kinder auf  ihrem individuellen Weg zu begleiten und das Miteinander aus dem Glauben  zu gestalten!<\/strong><\/p>\n","protected":false},"excerpt":{"rendered":"<p>\u201eOb ich gehe oder stehe, ob ich mich im Kreise drehe, ob ich liege oder fliege, ob ich mich im Tanze wiege &#8211; ich bin dir nicht unbekannt!Gestern, heute und morgen bin ich&nbsp; geborgen in deiner Hand!\u201c (Ein Lieblingslied unserer Kitakinder) Wir legen Wert auf eine in den Alltag integrierte Religionsp\u00e4dagogik! Zu unserem Kindergartenalltag geh\u00f6ren&hellip; <a class=\"more-link\" href=\"https:\/\/kita-meckenheim.com\/?page_id=55\"><span class=\"screen-reader-text\">Religionsp\u00e4dagogische Arbeit<\/span> weiterlesen<\/a><\/p>\n","protected":false},"author":1,"featured_media":0,"parent":0,"menu_order":0,"comment_status":"closed","ping_status":"closed","template":"onecolumn-page.php","meta":{"footnotes":""},"class_list":["post-55","page","type-page","status-publish","hentry","entry"],"_links":{"self":[{"href":"https:\/\/kita-meckenheim.com\/index.php?rest_route=\/wp\/v2\/pages\/55","targetHints":{"allow":["GET"]}}],"collection":[{"href":"https:\/\/kita-meckenheim.com\/index.php?rest_route=\/wp\/v2\/pages"}],"about":[{"href":"https:\/\/kita-meckenheim.com\/index.php?rest_route=\/wp\/v2\/types\/page"}],"author":[{"embeddable":true,"href":"https:\/\/kita-meckenheim.com\/index.php?rest_route=\/wp\/v2\/users\/1"}],"replies":[{"embeddable":true,"href":"https:\/\/kita-meckenheim.com\/index.php?rest_route=%2Fwp%2Fv2%2Fcomments&post=55"}],"version-history":[{"count":6,"href":"https:\/\/kita-meckenheim.com\/index.php?rest_route=\/wp\/v2\/pages\/55\/revisions"}],"predecessor-version":[{"id":461,"href":"https:\/\/kita-meckenheim.com\/index.php?rest_route=\/wp\/v2\/pages\/55\/revisions\/461"}],"wp:attachment":[{"href":"https:\/\/kita-meckenheim.com\/index.php?rest_route=%2Fwp%2Fv2%2Fmedia&parent=55"}],"curies":[{"name":"wp","href":"https:\/\/api.w.org\/{rel}","templated":true}]}}