{"id":51,"date":"2019-07-02T17:41:15","date_gmt":"2019-07-02T17:41:15","guid":{"rendered":"http:\/\/kita-meckenheim.com\/?page_id=51"},"modified":"2023-06-13T11:36:40","modified_gmt":"2023-06-13T09:36:40","slug":"maxiclub","status":"publish","type":"page","link":"https:\/\/kita-meckenheim.com\/?page_id=51","title":{"rendered":"Maxiclub"},"content":{"rendered":"<div class=\"wp-block-image\">\n<figure class=\"aligncenter size-large\"><img loading=\"lazy\" decoding=\"async\" width=\"1024\" height=\"768\" src=\"https:\/\/kita-meckenheim.com\/wp-content\/uploads\/2019\/07\/DSCN9812-1024x768.jpg\" alt=\"\" class=\"wp-image-315\" srcset=\"https:\/\/kita-meckenheim.com\/wp-content\/uploads\/2019\/07\/DSCN9812-1024x768.jpg 1024w, https:\/\/kita-meckenheim.com\/wp-content\/uploads\/2019\/07\/DSCN9812-300x225.jpg 300w, https:\/\/kita-meckenheim.com\/wp-content\/uploads\/2019\/07\/DSCN9812-768x576.jpg 768w\" sizes=\"auto, (max-width: 1024px) 100vw, 1024px\" \/><figcaption class=\"wp-element-caption\">Abschlussbild Maxis 2019<\/figcaption><\/figure>\n<\/div>\n\n\n<p class=\"has-text-align-center\">\u00a0Der  \u201eMaxi-Club\u201c ist f\u00fcr unsere \u201eGro\u00dfen\u201c im letzten Kindergartenjahr noch  einmal etwas ganz Besonderes und wird je nach Gruppensituation immer  wieder neu gestaltet. Es werden jedes Jahr verschiedene Aktionen wie z.B. Zahnarztbesuch, Erste Hilfe Kurs, Gesundes Fr\u00fchst\u00fcck durchgef\u00fchrt. Desweiteren werden Treffen mit dem evangelischen Kindergarten und der Schule gestaltet. <\/p>\n\n\n\n<p>Ein weiteres Highlight ist unser &#8222;Zahlenland&#8220;. Bei diesem Projekt empfinden Kinder mathematische Bildung als ein spannendes Erlebnis. Sie lernen dabei spielerisch mit Zahlen umzugehen und haben viel Spa\u00df dabei. Das Projekt zur fr\u00fchen mathematischen Bildung ist seit vielen Jahren bei unseren 5 &#8211; 6 j\u00e4hrigen Kindern beliebt.<\/p>\n\n\n\n<figure class=\"wp-block-image size-large\"><img loading=\"lazy\" decoding=\"async\" width=\"1024\" height=\"768\" src=\"https:\/\/kita-meckenheim.com\/wp-content\/uploads\/2019\/07\/zahlen-1024x768.jpg\" alt=\"\" class=\"wp-image-294\" srcset=\"https:\/\/kita-meckenheim.com\/wp-content\/uploads\/2019\/07\/zahlen-1024x768.jpg 1024w, https:\/\/kita-meckenheim.com\/wp-content\/uploads\/2019\/07\/zahlen-300x225.jpg 300w, https:\/\/kita-meckenheim.com\/wp-content\/uploads\/2019\/07\/zahlen-768x576.jpg 768w\" sizes=\"auto, (max-width: 1024px) 100vw, 1024px\" \/><figcaption class=\"wp-element-caption\">Zahlenland<\/figcaption><\/figure>\n\n\n\n<p>Die Gemeinschaft im &#8222;Maxi-Club&#8220; st\u00e4rkt unsere Kinder  auf dem Weg zu ihrem n\u00e4chsten Lebensabschnitt \u201eSchule\u201c. Er wird jedes Jahr voller Begeisterung von den &#8222;Gro\u00dfen&#8220; angenommen.<br><\/p>\n","protected":false},"excerpt":{"rendered":"<p>\u00a0Der \u201eMaxi-Club\u201c ist f\u00fcr unsere \u201eGro\u00dfen\u201c im letzten Kindergartenjahr noch einmal etwas ganz Besonderes und wird je nach Gruppensituation immer wieder neu gestaltet. Es werden jedes Jahr verschiedene Aktionen wie z.B. Zahnarztbesuch, Erste Hilfe Kurs, Gesundes Fr\u00fchst\u00fcck durchgef\u00fchrt. Desweiteren werden Treffen mit dem evangelischen Kindergarten und der Schule gestaltet. Ein weiteres Highlight ist unser &#8222;Zahlenland&#8220;.&hellip; <a class=\"more-link\" href=\"https:\/\/kita-meckenheim.com\/?page_id=51\"><span class=\"screen-reader-text\">Maxiclub<\/span> weiterlesen<\/a><\/p>\n","protected":false},"author":1,"featured_media":0,"parent":0,"menu_order":0,"comment_status":"closed","ping_status":"closed","template":"onecolumn-page.php","meta":{"footnotes":""},"class_list":["post-51","page","type-page","status-publish","hentry","entry"],"_links":{"self":[{"href":"https:\/\/kita-meckenheim.com\/index.php?rest_route=\/wp\/v2\/pages\/51","targetHints":{"allow":["GET"]}}],"collection":[{"href":"https:\/\/kita-meckenheim.com\/index.php?rest_route=\/wp\/v2\/pages"}],"about":[{"href":"https:\/\/kita-meckenheim.com\/index.php?rest_route=\/wp\/v2\/types\/page"}],"author":[{"embeddable":true,"href":"https:\/\/kita-meckenheim.com\/index.php?rest_route=\/wp\/v2\/users\/1"}],"replies":[{"embeddable":true,"href":"https:\/\/kita-meckenheim.com\/index.php?rest_route=%2Fwp%2Fv2%2Fcomments&post=51"}],"version-history":[{"count":9,"href":"https:\/\/kita-meckenheim.com\/index.php?rest_route=\/wp\/v2\/pages\/51\/revisions"}],"predecessor-version":[{"id":578,"href":"https:\/\/kita-meckenheim.com\/index.php?rest_route=\/wp\/v2\/pages\/51\/revisions\/578"}],"wp:attachment":[{"href":"https:\/\/kita-meckenheim.com\/index.php?rest_route=%2Fwp%2Fv2%2Fmedia&parent=51"}],"curies":[{"name":"wp","href":"https:\/\/api.w.org\/{rel}","templated":true}]}}