{"id":47,"date":"2019-07-02T17:40:07","date_gmt":"2019-07-02T17:40:07","guid":{"rendered":"http:\/\/kita-meckenheim.com\/?page_id=47"},"modified":"2021-01-31T17:13:41","modified_gmt":"2021-01-31T16:13:41","slug":"impressum","status":"publish","type":"page","link":"https:\/\/kita-meckenheim.com\/?page_id=47","title":{"rendered":"Datenschutzerkl\u00e4rung"},"content":{"rendered":"\n<p>Wir freuen wir uns \u00fcber Ihren Besuch auf unserer Webseite und \u00fcber Ihr Interesse an unseren Einrichtungen und Dienstleistungen. Der Schutz Ihrer pers\u00f6nlichen Daten ist uns ein ernstes Anliegen. In der Di\u00f6zese Speyer gelten &#8211; wie in allen deutschen (Erz-)Di\u00f6zesen &#8211; f\u00fcr die Erhebung, Verarbeitung und Nutzung personenbezogener Daten, die Bestimmungen des Gesetzes \u00fcber den Kirchlichen Datenschutz (KDG) einschlie\u00dflich der Verordnung zur Durchf\u00fchrung der Anordnung \u00fcber den kirchlichen Datenschutz (KDG-DVO) (zu finden unter https:\/\/www.bistum-speyer.de\/unterstuetzung-fuer-aktive\/rechtliches\/oberhirtliches-verordnungsblatt\/) sowie die sonstigen anzuwendenden kirchlichen und staatlichen Datenschutzvorschriften. Mit dieser Datenschutzerkl\u00e4rung m\u00f6chten wir Sie \u00fcber die Art, den Umfang und Zweck der Erhebung und Verwendung personenbezogener Daten auf dieser Webseite informieren.<\/p>\n\n\n\n<p><strong>1. Datenerhebung, -verarbeitung und -nutzung<\/strong><\/p>\n\n\n\n<p><strong>1.1 <\/strong>Beim Aufruf unserer Webseite ist es technisch notwendig verschiedene Daten zu erheben, zu verarbeiten und zu nutzen, damit eine fehlerfreie Kommunikation zwischen Ihrem Internetbrowser (z.B.: Internet Explorer) und unserem Webserver m\u00f6glich ist. Dabei werden automatisch folgende Daten erhoben und bis zu ihrer automatisierten L\u00f6schung in einer sogenannten Log-Datei protokolliert:<br>\u2013 Datum und Uhrzeit des Zugriffs<br>\u2013 Der Name der abgerufenen Datei<br>\u2013 Die Menge der gesendeten Daten<br>\u2013 Eine Statusmeldung, ob der Abruf erfolgreich war<br>\u2013 Die Webadresse der verweisenden Webseite (URL)<br>\u2013 Browsertyp und -version<br>\u2013 Betriebssystemtyp und -version<br>\u2013 IP-Adresse<br>\u2013 Zugangsprovider<br><br>Zum Schutz vor Angriffen und zur Sicherstellung eines ordnungsgem\u00e4\u00dfen Betriebs werden die Zugriffe auf das Internet-Angebot mit der vollst\u00e4ndigen IP-Adresse vor\u00fcbergehend und zugriffsgesch\u00fctzt auf einem Sicherheitssystem (Firewall) automatisiert auf m\u00f6gliche Risiken hin analysiert und f\u00fcr maximal vierzehn Tage gespeichert. Ausgenommen hiervon sind Daten \u00fcber Zugriffe, die f\u00fcr die weitere Verfolgung von Angriffen und St\u00f6rungen erforderlich sind.<br><br>Wir werden nur bei rechtswidrigen Angriffen versuchen herauszufinden, welche Person hinter einer IP-Adresse steht. Ansonsten bleibt diese Information f\u00fcr uns verborgen und wir versuchen nicht, an die Daten des Inhabers einer IP-Adresse zu kommen.<\/p>\n\n\n\n<p><strong>1.2 <\/strong>Wir erheben diese Daten in anonymisierter Form, so dass diese Daten keiner bestimmten oder bestimmbaren Person zugeordnet werden k\u00f6nnen. Dies geschieht zum Zwecke der systeminternen technischen Verarbeitung (Verbindungsaufbau), der Systemsicherheit, der technischen Administration der System- und Netzinfrastruktur sowie zur Optimierung des Internetangebotes und zu statistischen Zwecken. Wir behalten es uns jedoch vor, die Log-Datei nachtr\u00e4glich zu \u00fcberpr\u00fcfen, wenn aufgrund konkreter Anhaltspunkte der berechtigte Verdacht einer rechtswidrigen Nutzung besteht.<\/p>\n\n\n\n<p><strong>1.3.<\/strong> Teilweise bedienen wir uns zur Verarbeitung Ihrer Daten externer Dienstleister. Diese wurden von uns sorgf\u00e4ltig ausgew\u00e4hlt und beauftragt, sind an unsere Weisungen gebunden und werden regelm\u00e4\u00dfig kontrolliert.<\/p>\n\n\n\n<p><strong>1.4<\/strong> Die personenbezogenen Daten der betroffenen Person werden gel\u00f6scht oder gesperrt, sobald der Zweck der Speicherung entf\u00e4llt. Eine Speicherung kann dar\u00fcber hinaus dann erfolgen, wenn dies durch den kirchlichen, europ\u00e4ischen oder nationalen Gesetzgeber in kirchlichen oder unionsrechtlichen Verordnungen, Gesetzen oder sonstigen Vorschriften, denen der Verantwortliche unterliegt, vorgesehen wurde. Eine Sperrung oder L\u00f6schung der Daten erfolgt auch dann, wenn eine durch die genannten Normen vorgeschriebene Speicherfrist abl\u00e4uft, es sei denn, dass eine Erforderlichkeit zur weiteren Speicherung der Daten durch einen Vertragsabschluss oder eine Vertragserf\u00fcllung bedingt ist.<\/p>\n\n\n\n<p><strong>2. Besucherstatistik<\/strong><\/p>\n\n\n\n<p>Des Weiteren erheben, verarbeiten und nutzen wir die oben bezeichneten Daten, welche aus Ihrem Aufruf unserer Webseite resultieren, in pseudonymisierter Form. Das bedeutet, dass diese Daten ausschlie\u00dflich einem internen Kennzeichen zugeordnet werden. Ein R\u00fcckschluss auf Ihren Namen oder andere personenbezogene Daten ist nicht m\u00f6glich. Diese Daten werden auch nicht zusammengef\u00fchrt, sollten Sie sich ggf. auf unserer Webseite unter Verwendung Ihres Namens registrieren. Diese pseudonymisierten Nutzungsprofile helfen uns dabei, uns st\u00e4ndig zu verbessern, indem wir unser Angebot bedarfsgerecht gestalten k\u00f6nnen.<\/p>\n\n\n\n<p><strong>3. Widerspruchs- und Widerrufsrecht<\/strong><\/p>\n\n\n\n<p>Sie haben das Recht, eine an uns erteilte Einwilligung \u2013 beispielsweise f\u00fcr den Versand unseres Newsletters an Sie \u2013 zu widerrufen. In diesem Fall werden wir die Verarbeitung und Nutzung Ihrer Daten zu diesem Zweck unverz\u00fcglich unterlassen. Einen Widerspruch oder Widerruf k\u00f6nnen Sie jederzeit ohne Angabe von Gr\u00fcnden formlos per Post, Telefax oder E-Mail an uns \u00fcbermitteln.<br><br>Kindertagest\u00e4tte Arche Noah<br>Heerstra\u00dfe 8<br>67149 Meckenheim<br>Tel.: (06326)\/5294<br>E-Mail:&nbsp;<a href=\"mailto:kita.meckenheim@bistum-speyer.de\">kita.meckenheim@bistum-speyer.de<\/a><\/p>\n\n\n\n<p><strong>4. Einwilligungen<\/strong><\/p>\n\n\n\n<p>Soweit erforderlich haben Sie uns ggf. Einwilligungen zur Erhebung, Verarbeitung und Nutzung Ihrer personenbezogener Daten erteilt. In diesem Fall haben wir Ihre Einwilligung jeweils protokolliert. Wir sind gesetzlich verpflichtet den Text der jeweiligen Einwilligung jederzeit f\u00fcr Sie abrufbar zu halten. Selbstverst\u00e4ndlich k\u00f6nnen Sie uns erteilte Einwilligungen jederzeit mit Wirkung f\u00fcr die Zukunft widerrufen. Wie Sie Ihr Widerrufsrecht aus\u00fcben k\u00f6nnen, erfahren Sie unter \u201eWiderspruchs- und Widerrufsrecht\u201c.<\/p>\n\n\n\n<p><strong>5. Recht auf Anrufung des Di\u00f6zesandatenschutzbeauftragten, Kontaktdaten betrieblicher Datenschutzbeauftragter<\/strong><\/p>\n\n\n\n<p>Wir m\u00f6chten Sie an dieser Stelle auf das Recht zur Anrufung des Di\u00f6zesandatenschutzbeauftragten gem\u00e4\u00df \u00a7 44 Abs. 3 KDG hinweisen. Demnach kann sich jeder, der der Ansicht ist, dass bei Erhebung, Verarbeitung oder Nutzung von personenbezogenen Daten durch Stellen gem\u00e4\u00df \u00a7 3 Abs. 1 KDG gegen Vorschriften des KDG (zu finden unter https:\/\/www.bistum-speyer.de\/unterstuetzung-fuer-aktive\/rechtliches\/oberhirtliches-verordnungsblatt\/) oder gegen andere Datenschutzvorschriften versto\u00dfen worden ist oder ein solcher Versto\u00df bevorsteht, unmittelbar an den Di\u00f6zesandatenschutzbeauftragten wenden (\u00a7 44 Abs. 3 KDG). Die Kontaktdaten des zust\u00e4ndigen Di\u00f6zesandatenschutzbeauftragten lauten:<br>\ufeff<\/p>\n\n\n\n<p><strong>Datenschutzaufsicht (Di\u00f6zesaner Datenschutzbeauftragter)<\/strong><br>Katholisches Datenschutzzentrum Frankfurt\/M<br>Frau Ursula Becker-Rathmair<br>Haus am Dom, Domplatz 3<br>60311 Frankfurt<br><br>Tel. 069-8008718800<br>eMail: info@kdsz-ffm.de<br><br>Die Kontaktdaten des zust\u00e4ndigen betrieblichen Datenschutzbeauftragten f\u00fcr das Bisch\u00f6fliche Ordinariat nebst Au\u00dfenstellen, die Kirchengemeinden und Kirchenstiftungen und Gesamtkirchengemeinden in der Di\u00f6zese Speyer lauten:<br><br><strong>Betriebliche Datenschutzstelle Speyer<\/strong><br>Bisch\u00f6fliches Ordinariat Speyer<br>Herr Ren\u00e9 Pfeiffer, Betrieblicher Datenschutzbeauftragter<br>Kleine Pfaffengasse 16, 67346 Speyer<br><br>Tel. 06232 102 240<br>E-Mail: datenschutz@bistum-speyer.de<\/p>\n\n\n\n<p><strong>6. Elektronische Post (E-Mail)<\/strong><\/p>\n\n\n\n<p>Informationen, die Sie unverschl\u00fcsselt per Elektronischer Post (E-Mail) an uns senden, k\u00f6nnen m\u00f6glicherweise auf dem \u00dcbertragungsweg von Dritten gelesen werden. Wir k\u00f6nnen in der Regel auch Ihre Identit\u00e4t nicht \u00fcberpr\u00fcfen und wissen nicht, wer wirklicher Inhaber einer E-Mailadresse ist. Eine rechtssichere Kommunikation durch einfache E-Mail ist daher nicht gew\u00e4hrleistet. Wie viele E-Mail-Anbieter setzen wir Filter gegen unerw\u00fcnschte Werbung (\u201eSPAM-Filter\u201c) ein, die in einigen F\u00e4llen auch normale E-Mails f\u00e4lschlicherweise automatisch als unerw\u00fcnschte Werbung einordnen und l\u00f6schen. E-Mails, die sch\u00e4digende Programme (\u201eViren\u201c) enthalten, werden von uns in jedem Fall automatisch gel\u00f6scht. Wenn Sie schutzw\u00fcrdige Nachrichten an uns senden wollen, empfehlen wir, die Nachricht auf konventionellem Postwege an uns zu senden. Im Falle der Kontaktaufnahme mit uns werden Ihre Daten f\u00fcr die weitere Korrespondenz gespeichert.<\/p>\n\n\n\n<p><strong>7. G\u00fcltigkeit<\/strong><\/p>\n\n\n\n<p>Wir sind stets bem\u00fcht, unsere Webseite weiterzuentwickeln und neue Technologien einzusetzen. Daher kann es notwendig werden, diese Datenschutzerkl\u00e4rung zu \u00e4ndern, bzw. anzupassen. Wir behalten uns daher das Recht vor, diese Erkl\u00e4rung jederzeit mit Wirkung f\u00fcr die Zukunft zu \u00e4ndern. Bitte besuchen Sie daher diese Seite regelm\u00e4\u00dfig und lesen Sie die jeweils aktuelle Datenschutzerkl\u00e4rung von Zeit zu Zeit erneut durch<\/p>\n","protected":false},"excerpt":{"rendered":"<p>Wir freuen wir uns \u00fcber Ihren Besuch auf unserer Webseite und \u00fcber Ihr Interesse an unseren Einrichtungen und Dienstleistungen. Der Schutz Ihrer pers\u00f6nlichen Daten ist uns ein ernstes Anliegen. In der Di\u00f6zese Speyer gelten &#8211; wie in allen deutschen (Erz-)Di\u00f6zesen &#8211; f\u00fcr die Erhebung, Verarbeitung und Nutzung personenbezogener Daten, die Bestimmungen des Gesetzes \u00fcber den&hellip; <a class=\"more-link\" href=\"https:\/\/kita-meckenheim.com\/?page_id=47\"><span class=\"screen-reader-text\">Datenschutzerkl\u00e4rung<\/span> weiterlesen<\/a><\/p>\n","protected":false},"author":1,"featured_media":0,"parent":0,"menu_order":0,"comment_status":"closed","ping_status":"closed","template":"onecolumn-page.php","meta":{"footnotes":""},"class_list":["post-47","page","type-page","status-publish","hentry","entry"],"_links":{"self":[{"href":"https:\/\/kita-meckenheim.com\/index.php?rest_route=\/wp\/v2\/pages\/47","targetHints":{"allow":["GET"]}}],"collection":[{"href":"https:\/\/kita-meckenheim.com\/index.php?rest_route=\/wp\/v2\/pages"}],"about":[{"href":"https:\/\/kita-meckenheim.com\/index.php?rest_route=\/wp\/v2\/types\/page"}],"author":[{"embeddable":true,"href":"https:\/\/kita-meckenheim.com\/index.php?rest_route=\/wp\/v2\/users\/1"}],"replies":[{"embeddable":true,"href":"https:\/\/kita-meckenheim.com\/index.php?rest_route=%2Fwp%2Fv2%2Fcomments&post=47"}],"version-history":[{"count":5,"href":"https:\/\/kita-meckenheim.com\/index.php?rest_route=\/wp\/v2\/pages\/47\/revisions"}],"predecessor-version":[{"id":497,"href":"https:\/\/kita-meckenheim.com\/index.php?rest_route=\/wp\/v2\/pages\/47\/revisions\/497"}],"wp:attachment":[{"href":"https:\/\/kita-meckenheim.com\/index.php?rest_route=%2Fwp%2Fv2%2Fmedia&parent=47"}],"curies":[{"name":"wp","href":"https:\/\/api.w.org\/{rel}","templated":true}]}}