{"id":39,"date":"2019-07-02T17:50:06","date_gmt":"2019-07-02T17:50:06","guid":{"rendered":"http:\/\/kita-meckenheim.com\/?page_id=39"},"modified":"2023-06-13T23:30:04","modified_gmt":"2023-06-13T21:30:04","slug":"aussengelaende","status":"publish","type":"page","link":"https:\/\/kita-meckenheim.com\/?page_id=39","title":{"rendered":"Au\u00dfengel\u00e4nde"},"content":{"rendered":"\n<p class=\"has-text-align-center has-medium-font-size\">Eine Besonderheit unserer Kita<br>  das Au\u00dfengel\u00e4nde<\/p>\n\n\n\n<p class=\"has-text-align-center\">Unsere Kita liegt inmitten zweier gro\u00dfz\u00fcgiger Au\u00dfengel\u00e4nde, welche insgesamt 2500 qm Spielfl\u00e4che f\u00fcr unsere Kinder bieten.<br>Ein besonders wichtiges Ziel unserer p\u00e4dagogischen Arbeit ist es, den  Kindern ausreichend Gelegenheit zu geben, ihren Bewegungsdrang  auszuleben. Schlie\u00dflich verbringen die Kinder ein Gro\u00dfteil ihrer  Kindergartenzeit unter freiem Himmel.<\/p>\n\n\n\n<figure class=\"wp-block-gallery alignwide has-nested-images columns-default is-cropped wp-block-gallery-1 is-layout-flex wp-block-gallery-is-layout-flex\">\n<figure class=\"wp-block-image size-large\"><img loading=\"lazy\" decoding=\"async\" width=\"1024\" height=\"768\" data-id=\"185\" src=\"https:\/\/kita-meckenheim.com\/wp-content\/uploads\/2019\/07\/Aussengel\u00e4nde1-1024x768.jpg\" alt=\"\" class=\"wp-image-185\" srcset=\"https:\/\/kita-meckenheim.com\/wp-content\/uploads\/2019\/07\/Aussengel\u00e4nde1-1024x768.jpg 1024w, https:\/\/kita-meckenheim.com\/wp-content\/uploads\/2019\/07\/Aussengel\u00e4nde1-300x225.jpg 300w, https:\/\/kita-meckenheim.com\/wp-content\/uploads\/2019\/07\/Aussengel\u00e4nde1-768x576.jpg 768w\" sizes=\"auto, (max-width: 1024px) 100vw, 1024px\" \/><\/figure>\n\n\n\n<figure class=\"wp-block-image size-large\"><img loading=\"lazy\" decoding=\"async\" width=\"1024\" height=\"768\" data-id=\"186\" src=\"https:\/\/kita-meckenheim.com\/wp-content\/uploads\/2019\/07\/Aussengel\u00e4nde2-1024x768.jpg\" alt=\"\" class=\"wp-image-186\" srcset=\"https:\/\/kita-meckenheim.com\/wp-content\/uploads\/2019\/07\/Aussengel\u00e4nde2-1024x768.jpg 1024w, https:\/\/kita-meckenheim.com\/wp-content\/uploads\/2019\/07\/Aussengel\u00e4nde2-300x225.jpg 300w, https:\/\/kita-meckenheim.com\/wp-content\/uploads\/2019\/07\/Aussengel\u00e4nde2-768x576.jpg 768w, https:\/\/kita-meckenheim.com\/wp-content\/uploads\/2019\/07\/Aussengel\u00e4nde2.jpg 1600w\" sizes=\"auto, (max-width: 1024px) 100vw, 1024px\" \/><\/figure>\n<\/figure>\n\n\n\n<p class=\"has-text-align-center\"><br><br><\/p>\n\n\n\n<p><strong>Spielgel\u00e4nde vor dem Haus: (&#8222;Hof&#8220;)<\/strong><\/p>\n\n\n\n<p>&#8211;&nbsp;&nbsp;&nbsp;&nbsp;&nbsp;&nbsp;&nbsp;&nbsp; gro\u00dfer Sandkasten mit Wasserspeier<br>&#8211;&nbsp;&nbsp;&nbsp;&nbsp;&nbsp;&nbsp;&nbsp;&nbsp; Spiellandschaft mit H\u00e4ngebr\u00fccke<br>&#8211;&nbsp;&nbsp;&nbsp;&nbsp;&nbsp;&nbsp;&nbsp;&nbsp; Spiellandschaft f\u00fcr Kinder unter 3 Jahren<br>&#8211;&nbsp;&nbsp;&nbsp;&nbsp;&nbsp;&nbsp;&nbsp;&nbsp; Turnstangen<br>&#8211;&nbsp;&nbsp;&nbsp;&nbsp;&nbsp;&nbsp;&nbsp;&nbsp; Schaukel<br>&#8211;&nbsp;&nbsp;&nbsp;&nbsp;&nbsp;&nbsp;&nbsp;&nbsp; H\u00fcgel mit Rutsche<br>&#8211;&nbsp;&nbsp;&nbsp;&nbsp;&nbsp;&nbsp;&nbsp;&nbsp; Befestigter Weg f\u00fcr Kinderfahrzeuge<br>&#8211;&nbsp;&nbsp;&nbsp;&nbsp;&nbsp;&nbsp;&nbsp;&nbsp; Spielh\u00e4uschen<\/p>\n\n\n\n<p><\/p>\n\n\n\n<p><strong> Spielgel\u00e4nde hinter dem Haus (\u201eAbenteuerland\u201c):<\/strong><\/p>\n\n\n\n<p>&#8211;&nbsp;&nbsp;&nbsp;&nbsp;&nbsp;&nbsp;&nbsp;&nbsp; viele naturbelassene Spielbereiche mit B\u00e4umen und Str\u00e4uchern<br>&#8211;&nbsp;&nbsp;&nbsp;&nbsp;&nbsp;&nbsp;&nbsp;&nbsp; gro\u00dfe Rasenfl\u00e4che zum Ballspielen<br>&#8211;&nbsp;&nbsp;&nbsp;&nbsp;&nbsp;&nbsp;&nbsp;&nbsp; Atrium zum Rollenspiel, Klettern, Picknicken<br>&#8211;&nbsp;&nbsp;&nbsp;&nbsp;&nbsp;&nbsp;&nbsp;&nbsp; Wippe<br>&#8211;&nbsp;&nbsp;&nbsp;&nbsp;&nbsp;&nbsp;&nbsp;&nbsp; Nestschaukel<br>&#8211;&nbsp;&nbsp;&nbsp;&nbsp;&nbsp;&nbsp;&nbsp;&nbsp; Sandschnecke <br>&#8211;&nbsp;&nbsp;&nbsp;&nbsp;&nbsp;&nbsp;&nbsp; kleines Spielh\u00e4uschen <\/p>\n\n\n\n<figure class=\"wp-block-gallery alignwide has-nested-images columns-default is-cropped wp-block-gallery-2 is-layout-flex wp-block-gallery-is-layout-flex\">\n<figure class=\"wp-block-image size-large\"><img loading=\"lazy\" decoding=\"async\" width=\"1024\" height=\"768\" data-id=\"570\" src=\"https:\/\/kita-meckenheim.com\/wp-content\/uploads\/2023\/06\/DSC00024-1024x768.jpg\" alt=\"\" class=\"wp-image-570\" srcset=\"https:\/\/kita-meckenheim.com\/wp-content\/uploads\/2023\/06\/DSC00024-1024x768.jpg 1024w, https:\/\/kita-meckenheim.com\/wp-content\/uploads\/2023\/06\/DSC00024-300x225.jpg 300w, https:\/\/kita-meckenheim.com\/wp-content\/uploads\/2023\/06\/DSC00024-768x576.jpg 768w, https:\/\/kita-meckenheim.com\/wp-content\/uploads\/2023\/06\/DSC00024-1536x1152.jpg 1536w, https:\/\/kita-meckenheim.com\/wp-content\/uploads\/2023\/06\/DSC00024-2048x1536.jpg 2048w\" sizes=\"auto, (max-width: 1024px) 100vw, 1024px\" \/><\/figure>\n\n\n\n<figure class=\"wp-block-image size-large\"><img loading=\"lazy\" decoding=\"async\" width=\"1024\" height=\"768\" data-id=\"571\" src=\"https:\/\/kita-meckenheim.com\/wp-content\/uploads\/2023\/06\/DSC00021-1024x768.jpg\" alt=\"\" class=\"wp-image-571\" srcset=\"https:\/\/kita-meckenheim.com\/wp-content\/uploads\/2023\/06\/DSC00021-1024x768.jpg 1024w, https:\/\/kita-meckenheim.com\/wp-content\/uploads\/2023\/06\/DSC00021-300x225.jpg 300w, https:\/\/kita-meckenheim.com\/wp-content\/uploads\/2023\/06\/DSC00021-768x576.jpg 768w, https:\/\/kita-meckenheim.com\/wp-content\/uploads\/2023\/06\/DSC00021-1536x1152.jpg 1536w, https:\/\/kita-meckenheim.com\/wp-content\/uploads\/2023\/06\/DSC00021-2048x1536.jpg 2048w\" sizes=\"auto, (max-width: 1024px) 100vw, 1024px\" \/><\/figure>\n<\/figure>\n\n\n\n<div class=\"wp-block-columns alignwide is-layout-flex wp-container-core-columns-is-layout-9d6595d7 wp-block-columns-is-layout-flex\">\n<div class=\"wp-block-column is-layout-flow wp-block-column-is-layout-flow\" style=\"flex-basis:45%\"><\/div>\n<\/div>\n\n\n\n<figure class=\"wp-block-gallery alignwide has-nested-images columns-default is-cropped wp-block-gallery-3 is-layout-flex wp-block-gallery-is-layout-flex\">\n<figure class=\"wp-block-image size-large\"><img loading=\"lazy\" decoding=\"async\" width=\"1024\" height=\"768\" data-id=\"569\" src=\"https:\/\/kita-meckenheim.com\/wp-content\/uploads\/2023\/06\/DSC00017-1024x768.jpg\" alt=\"\" class=\"wp-image-569\" srcset=\"https:\/\/kita-meckenheim.com\/wp-content\/uploads\/2023\/06\/DSC00017-1024x768.jpg 1024w, https:\/\/kita-meckenheim.com\/wp-content\/uploads\/2023\/06\/DSC00017-300x225.jpg 300w, https:\/\/kita-meckenheim.com\/wp-content\/uploads\/2023\/06\/DSC00017-768x576.jpg 768w, https:\/\/kita-meckenheim.com\/wp-content\/uploads\/2023\/06\/DSC00017-1536x1152.jpg 1536w, https:\/\/kita-meckenheim.com\/wp-content\/uploads\/2023\/06\/DSC00017-2048x1536.jpg 2048w\" sizes=\"auto, (max-width: 1024px) 100vw, 1024px\" \/><\/figure>\n\n\n\n<figure class=\"wp-block-image size-large\"><img loading=\"lazy\" decoding=\"async\" width=\"1024\" height=\"768\" data-id=\"562\" src=\"https:\/\/kita-meckenheim.com\/wp-content\/uploads\/2023\/06\/DSC00019-1024x768.jpg\" alt=\"\" class=\"wp-image-562\" srcset=\"https:\/\/kita-meckenheim.com\/wp-content\/uploads\/2023\/06\/DSC00019-1024x768.jpg 1024w, https:\/\/kita-meckenheim.com\/wp-content\/uploads\/2023\/06\/DSC00019-300x225.jpg 300w, https:\/\/kita-meckenheim.com\/wp-content\/uploads\/2023\/06\/DSC00019-768x576.jpg 768w, https:\/\/kita-meckenheim.com\/wp-content\/uploads\/2023\/06\/DSC00019-1536x1152.jpg 1536w, https:\/\/kita-meckenheim.com\/wp-content\/uploads\/2023\/06\/DSC00019-2048x1536.jpg 2048w\" sizes=\"auto, (max-width: 1024px) 100vw, 1024px\" \/><\/figure>\n<\/figure>\n\n\n\n<p><br><\/p>\n\n\n\n<p><strong>Ein kleiner Einblick in die Entstehung und Entwicklung unserer Au\u00dfengel\u00e4nde<\/strong><\/p>\n\n\n\n<p>Unsere Kita besitzt zwei Au\u00dfengel\u00e4nde, eines vor dem Kitageb\u00e4ude und, seit dem Jahr 2006, eines im hinteren Bereich. <\/p>\n\n\n\n<p>Auf dem hinteren Gel\u00e4nde befand sich zu Beginn viel Unkraut, Dornen&#8230;  Mit der tatkr\u00e4ftigen Hilfe vieler Eltern wurde das komplette Gel\u00e4nde von Unkraut ges\u00e4ubert und mit Ideen von Kinder, Eltern und Erzieher  \u201eumgekrempelt\u201c. Ausger\u00fcstet mit unterschiedlichen Ger\u00e4tschaften halfen viele Eltern unz\u00e4hlige Stunden bei der Erschlie\u00dfung eines attraktiven Spielgel\u00e4ndes. Flei\u00dfige Kinderh\u00e4nde unterst\u00fctzten sie dabei. Eine gro\u00dfz\u00fcgige Spiellandschaft, umgeben von einem  tollen Rasen ist das Ergebnis. Nach einem Jahr harter Arbeit feierten  wir die Einweihung.<\/p>\n\n\n\n<p><em>\u201eWir  haben einen Spielplatz in der Natur, wo wir viel Spa\u00df haben, Abenteuer  erleben und uns ausgiebig bewegen k\u00f6nnen \u2013 unser Abenteuerland\u201c<\/em><\/p>\n\n\n\n<p>Damit  unsere Au\u00dfenanlage so sch\u00f6n bleibt, sind wir weiterhin auf engagierte  Eltern angewiesen. So fallen in jedem Jahr Aktionstage an, an denen verschiedene Arbeiten am Au\u00dfengel\u00e4nde get\u00e4tigt  werden m\u00fcssen (Ger\u00e4te streichen, Sand austauschen, Unkraut j\u00e4ten). Die  Mitarbeit aller Eltern ist daher erforderlich, um diese beiden  Spielbereiche zu erhalten. <\/p>\n\n\n\n<p>Bereits beim Aufnahmegespr\u00e4ch weisen wir  darauf hin, dass alle Eltern einmal im Jahr bei den anfallenden Arbeiten  helfen m\u00fcssen.<\/p>\n\n\n\n<figure class=\"wp-block-gallery alignwide has-nested-images columns-default is-cropped wp-block-gallery-4 is-layout-flex wp-block-gallery-is-layout-flex\"><\/figure>\n","protected":false},"excerpt":{"rendered":"<p>Eine Besonderheit unserer Kita das Au\u00dfengel\u00e4nde Unsere Kita liegt inmitten zweier gro\u00dfz\u00fcgiger Au\u00dfengel\u00e4nde, welche insgesamt 2500 qm Spielfl\u00e4che f\u00fcr unsere Kinder bieten.Ein besonders wichtiges Ziel unserer p\u00e4dagogischen Arbeit ist es, den Kindern ausreichend Gelegenheit zu geben, ihren Bewegungsdrang auszuleben. Schlie\u00dflich verbringen die Kinder ein Gro\u00dfteil ihrer Kindergartenzeit unter freiem Himmel. Spielgel\u00e4nde vor dem Haus: (&#8222;Hof&#8220;)&hellip; <a class=\"more-link\" href=\"https:\/\/kita-meckenheim.com\/?page_id=39\"><span class=\"screen-reader-text\">Au\u00dfengel\u00e4nde<\/span> weiterlesen<\/a><\/p>\n","protected":false},"author":1,"featured_media":0,"parent":0,"menu_order":0,"comment_status":"closed","ping_status":"closed","template":"onecolumn-page.php","meta":{"footnotes":""},"class_list":["post-39","page","type-page","status-publish","hentry","entry"],"_links":{"self":[{"href":"https:\/\/kita-meckenheim.com\/index.php?rest_route=\/wp\/v2\/pages\/39","targetHints":{"allow":["GET"]}}],"collection":[{"href":"https:\/\/kita-meckenheim.com\/index.php?rest_route=\/wp\/v2\/pages"}],"about":[{"href":"https:\/\/kita-meckenheim.com\/index.php?rest_route=\/wp\/v2\/types\/page"}],"author":[{"embeddable":true,"href":"https:\/\/kita-meckenheim.com\/index.php?rest_route=\/wp\/v2\/users\/1"}],"replies":[{"embeddable":true,"href":"https:\/\/kita-meckenheim.com\/index.php?rest_route=%2Fwp%2Fv2%2Fcomments&post=39"}],"version-history":[{"count":24,"href":"https:\/\/kita-meckenheim.com\/index.php?rest_route=\/wp\/v2\/pages\/39\/revisions"}],"predecessor-version":[{"id":606,"href":"https:\/\/kita-meckenheim.com\/index.php?rest_route=\/wp\/v2\/pages\/39\/revisions\/606"}],"wp:attachment":[{"href":"https:\/\/kita-meckenheim.com\/index.php?rest_route=%2Fwp%2Fv2%2Fmedia&parent=39"}],"curies":[{"name":"wp","href":"https:\/\/api.w.org\/{rel}","templated":true}]}}